{"id":919,"date":"2012-04-01T21:53:33","date_gmt":"2012-04-01T19:53:33","guid":{"rendered":"http:\/\/treehousemusic.nu\/?page_id=919"},"modified":"2025-01-14T20:52:51","modified_gmt":"2025-01-14T18:52:51","slug":"aktuellt","status":"publish","type":"page","link":"https:\/\/treehousemusic.nu\/","title":{"rendered":"Aktuellt"},"content":{"rendered":"<p><a href=\"https:\/\/treehousemusic.nu\/?lang=fi\"><span style=\"color: #0000ff;\"><b>SUOMENKIELISILLE SIVUILLE<\/b><\/span><\/a><\/p>\n<p><a href=\"https:\/\/treehousemusic.nu\/?lang=en\"><strong><span style=\"color: #0000ff;\">CLICK FOR ENGLISH<\/span><\/strong><\/a><\/p>\n<p><span style=\"color: #800000;\"><strong>NU HAR VI FINA LILLCITTRAV\u00c4SKOR!<\/strong><\/span><\/p>\n<p><a href=\"https:\/\/treehousemusic.nu\/wp-content\/uploads\/2024\/12\/adjusted-laptop-bag-with-cittra.jpg\"><img loading=\"lazy\" decoding=\"async\" class=\"aligncenter  wp-image-1740\" src=\"https:\/\/treehousemusic.nu\/wp-content\/uploads\/2024\/12\/adjusted-laptop-bag-with-cittra-954x1024.jpg\" alt=\"\" width=\"282\" height=\"303\" srcset=\"https:\/\/treehousemusic.nu\/wp-content\/uploads\/2024\/12\/adjusted-laptop-bag-with-cittra-954x1024.jpg 954w, https:\/\/treehousemusic.nu\/wp-content\/uploads\/2024\/12\/adjusted-laptop-bag-with-cittra-279x300.jpg 279w, https:\/\/treehousemusic.nu\/wp-content\/uploads\/2024\/12\/adjusted-laptop-bag-with-cittra-768x825.jpg 768w, https:\/\/treehousemusic.nu\/wp-content\/uploads\/2024\/12\/adjusted-laptop-bag-with-cittra-1430x1536.jpg 1430w, https:\/\/treehousemusic.nu\/wp-content\/uploads\/2024\/12\/adjusted-laptop-bag-with-cittra-1907x2048.jpg 1907w\" sizes=\"auto, (max-width: 282px) 100vw, 282px\" \/><\/a>Nu har vi vadderade v\u00e4skor i olika f\u00e4rger med plats f\u00f6r lillcittran och fickor f\u00f6r noter och tillbeh\u00f6r! V\u00e4skorna har handtag (och m\u00e5nga har axelrem). Om du k\u00f6per v\u00e4skan som en del av ett lillcittrapaket \u00e4r priset bara <span style=\"color: #800000;\"><strong>17\u20ac<\/strong><\/span> (26\u20ac om du best\u00e4ller skilt).<span class=\"Apple-converted-space\">\u00a0<\/span><\/p>\n<p><b><span style=\"color: #800000;\">ST\u00c4MHJ\u00c4LP!<\/span>\u00a0 <\/b><b>Har du smarttelefon eller platta?<\/b> Det finns en mycket bra app f\u00f6r att st\u00e4mma cittror och andra kromatiska instrument: <b>CLEARTUNE<\/b>. Visar klart och tydligt, kostar 4 euro (bilden till v\u00e4nster).<\/p>\n<p><a href=\"https:\/\/treehousemusic.nu\/wp-content\/uploads\/2023\/09\/cleartune-and-instuner-bilder.jpg\"><img loading=\"lazy\" decoding=\"async\" class=\"alignnone size-full wp-image-1552\" src=\"https:\/\/treehousemusic.nu\/wp-content\/uploads\/2023\/09\/cleartune-and-instuner-bilder.jpg\" alt=\"\" width=\"552\" height=\"263\" srcset=\"https:\/\/treehousemusic.nu\/wp-content\/uploads\/2023\/09\/cleartune-and-instuner-bilder.jpg 552w, https:\/\/treehousemusic.nu\/wp-content\/uploads\/2023\/09\/cleartune-and-instuner-bilder-300x143.jpg 300w\" sizes=\"auto, (max-width: 552px) 100vw, 552px\" \/><\/a>En annan bra och GRATIS app f\u00f6r att st\u00e4mma cittror \u00e4r<strong> INSTUNER <\/strong>(bilden till h\u00f6ger). B\u00e5da appar finns f\u00f6r ios och android.<\/p>\n<p><strong>Vill du ha hj\u00e4lp med att st\u00e4mma eller byta en str\u00e4ng p\u00e5 din lillcittra?<\/strong> Jag hj\u00e4lper g\u00e4rna, gratis, om du skickar instrumentet och 10 euro f\u00f6r att t\u00e4cka retur-postavgiften. Ta kontakt p\u00e5 f\u00f6rhand genom att ringa eller skicka epost.<\/p>\n<p><span style=\"color: #800000;\"><b>B\u00d6CKER!!\u00a0<\/b><\/span><b>Den \u00e4r h\u00e4r! B<\/b><strong>oken med ett 90-tal historier om lillcittran i m\u00e4nniskors liv:<\/strong> <span style=\"color: #800000;\"><b>Att komma med i livets s\u00e5ng \u2013 lillcittraber\u00e4ttelser<\/b> <\/span><strong>(128 sidor med illustrationer, pocketformat, 16 euro, frakt 5 euro) <\/strong><strong>\u00a0<\/strong><a href=\"https:\/\/treehousemusic.nu\/wp-content\/uploads\/2023\/06\/Lillcittra-berattelser-INNEHALLSFORTECKNING-blurb.pdf\">L\u00e4nk till inneh\u00e5llsf\u00f6rteckning<\/a>\u00a0 \u00a0<a href=\"https:\/\/treehousemusic.nu\/wp-content\/uploads\/2023\/09\/IMG_1890-scaled.jpg\"><img loading=\"lazy\" decoding=\"async\" class=\"alignnone size-full wp-image-1549\" src=\"https:\/\/treehousemusic.nu\/wp-content\/uploads\/2023\/09\/IMG_1890-scaled.jpg\" alt=\"\" width=\"2560\" height=\"1844\" srcset=\"https:\/\/treehousemusic.nu\/wp-content\/uploads\/2023\/09\/IMG_1890-scaled.jpg 2560w, https:\/\/treehousemusic.nu\/wp-content\/uploads\/2023\/09\/IMG_1890-300x216.jpg 300w, https:\/\/treehousemusic.nu\/wp-content\/uploads\/2023\/09\/IMG_1890-1024x738.jpg 1024w, https:\/\/treehousemusic.nu\/wp-content\/uploads\/2023\/09\/IMG_1890-768x553.jpg 768w, https:\/\/treehousemusic.nu\/wp-content\/uploads\/2023\/09\/IMG_1890-1536x1106.jpg 1536w, https:\/\/treehousemusic.nu\/wp-content\/uploads\/2023\/09\/IMG_1890-2048x1475.jpg 2048w\" sizes=\"auto, (max-width: 2560px) 100vw, 2560px\" \/><\/a><strong><span style=\"color: #800000;\"><span style=\"color: #000000;\">It&#8217;s out!<\/span> Along in the Song&#8211;Zitheroo Stories<\/span><\/strong> <strong>with over 90 stories about the role of zitheroos in people&#8217;s lives (132 pages with illustrations, paperback, 16 euros, domestic shipping 5 euros).\u00a0 <a href=\"https:\/\/treehousemusic.nu\/wp-content\/uploads\/2023\/09\/Lillcittra-berattelser-ENGL-contents-FINAL.pdf\">Link to table of contents<\/a>\u00a0<\/strong><\/p>\n<p><b>OBS! Gl\u00f6m inte att du kan best\u00e4lla handboken, p\u00e5 svenska eller engelska! (L\u00e4nkar till f\u00f6rord och inneh\u00e5llsf\u00f6rteckning h\u00e4r nedanf\u00f6r).\u00a0\u00a0<\/b><\/p>\n<p><a href=\"https:\/\/treehousemusic.nu\/wp-content\/uploads\/2021\/03\/book-covers.jpg\"><img loading=\"lazy\" decoding=\"async\" class=\"alignnone size-full wp-image-1465\" src=\"https:\/\/treehousemusic.nu\/wp-content\/uploads\/2021\/03\/book-covers.jpg\" alt=\"\" width=\"2526\" height=\"1812\" srcset=\"https:\/\/treehousemusic.nu\/wp-content\/uploads\/2021\/03\/book-covers.jpg 2526w, https:\/\/treehousemusic.nu\/wp-content\/uploads\/2021\/03\/book-covers-300x215.jpg 300w, https:\/\/treehousemusic.nu\/wp-content\/uploads\/2021\/03\/book-covers-1024x735.jpg 1024w, https:\/\/treehousemusic.nu\/wp-content\/uploads\/2021\/03\/book-covers-768x551.jpg 768w, https:\/\/treehousemusic.nu\/wp-content\/uploads\/2021\/03\/book-covers-1536x1102.jpg 1536w, https:\/\/treehousemusic.nu\/wp-content\/uploads\/2021\/03\/book-covers-2048x1469.jpg 2048w\" sizes=\"auto, (max-width: 2526px) 100vw, 2526px\" \/><\/a><\/p>\n<p><b><em>Lillcittran som pedagogiskt verktyg \u2013 praktisk handledning f\u00f6r l\u00e4rare och gruppledare\u00a0<\/em><\/b>(140 sidor med 115 bilder i f\u00e4rg, spiralh\u00e4fte, 25 euro, ISBN 978-952-94-4709-1)<\/p>\n<p><a href=\"https:\/\/treehousemusic.nu\/wp-content\/uploads\/2021\/03\/Forord-och-innehallsforteckning.pdf\">F\u00f6rord och inneh\u00e5llsf\u00f6rteckning <\/a><\/p>\n<p><strong><em>The Zitheroo in Music Education \u2013 A Practical Guide for Teachers and Group Leaders\u00a0<\/em><\/strong>(141 pages, 115 color illustrations, spiral binding, 25 euros, ISBN 978-952-94-4703-9)<\/p>\n<p><a href=\"https:\/\/treehousemusic.nu\/wp-content\/uploads\/2021\/03\/Preface-and-table-of-contents.pdf\">Preface and table of contents<\/a><\/p>\n<p><em style=\"line-height: 1.5em;\"><strong>Spelgl\u00e4dje\u00a0<\/strong><\/em><strong><em>\u00f6nskar\u00a0<\/em><\/strong><strong>Jonathan<\/strong><\/p>\n<p><a href=\"https:\/\/treehousemusic.nu\/wp-content\/uploads\/2014\/04\/cittra-ring-large-reduced.jpg\"><img loading=\"lazy\" decoding=\"async\" class=\"alignnone size-full wp-image-1175\" src=\"https:\/\/treehousemusic.nu\/wp-content\/uploads\/2014\/04\/cittra-ring-large-reduced.jpg\" alt=\"cittra ring large reduced\" width=\"550\" height=\"414\" srcset=\"https:\/\/treehousemusic.nu\/wp-content\/uploads\/2014\/04\/cittra-ring-large-reduced.jpg 550w, https:\/\/treehousemusic.nu\/wp-content\/uploads\/2014\/04\/cittra-ring-large-reduced-300x225.jpg 300w\" sizes=\"auto, (max-width: 550px) 100vw, 550px\" \/><\/a><\/p>\n","protected":false},"excerpt":{"rendered":"<p>SUOMENKIELISILLE SIVUILLE CLICK FOR ENGLISH NU HAR VI FINA LILLCITTRAV\u00c4SKOR! Nu har vi vadderade v\u00e4skor i olika f\u00e4rger med plats f\u00f6r lillcittran och fickor f\u00f6r noter och tillbeh\u00f6r! V\u00e4skorna har handtag (och m\u00e5nga har axelrem). Om du k\u00f6per v\u00e4skan som en del av ett lillcittrapaket \u00e4r priset bara 17\u20ac (26\u20ac om du best\u00e4ller skilt).\u00a0 ST\u00c4MHJ\u00c4LP!\u00a0 &hellip; <a href=\"https:\/\/treehousemusic.nu\/\" class=\"more-link\">Forts\u00e4tt l\u00e4sa <span class=\"screen-reader-text\">Aktuellt<\/span> <span class=\"meta-nav\">&rarr;<\/span><\/a><\/p>\n","protected":false},"author":1,"featured_media":0,"parent":0,"menu_order":0,"comment_status":"closed","ping_status":"open","template":"","meta":{"footnotes":""},"class_list":["post-919","page","type-page","status-publish","hentry"],"_links":{"self":[{"href":"https:\/\/treehousemusic.nu\/index.php?rest_route=\/wp\/v2\/pages\/919","targetHints":{"allow":["GET"]}}],"collection":[{"href":"https:\/\/treehousemusic.nu\/index.php?rest_route=\/wp\/v2\/pages"}],"about":[{"href":"https:\/\/treehousemusic.nu\/index.php?rest_route=\/wp\/v2\/types\/page"}],"author":[{"embeddable":true,"href":"https:\/\/treehousemusic.nu\/index.php?rest_route=\/wp\/v2\/users\/1"}],"replies":[{"embeddable":true,"href":"https:\/\/treehousemusic.nu\/index.php?rest_route=%2Fwp%2Fv2%2Fcomments&post=919"}],"version-history":[{"count":25,"href":"https:\/\/treehousemusic.nu\/index.php?rest_route=\/wp\/v2\/pages\/919\/revisions"}],"predecessor-version":[{"id":1769,"href":"https:\/\/treehousemusic.nu\/index.php?rest_route=\/wp\/v2\/pages\/919\/revisions\/1769"}],"wp:attachment":[{"href":"https:\/\/treehousemusic.nu\/index.php?rest_route=%2Fwp%2Fv2%2Fmedia&parent=919"}],"curies":[{"name":"wp","href":"https:\/\/api.w.org\/{rel}","templated":true}]}}